{"id":838,"date":"2023-03-27T04:12:13","date_gmt":"2023-03-27T02:12:13","guid":{"rendered":"https:\/\/techsub.com\/?page_id=838"},"modified":"2025-02-17T05:09:02","modified_gmt":"2025-02-17T04:09:02","slug":"lentreprise","status":"publish","type":"page","link":"https:\/\/techsub.com\/en\/lentreprise\/","title":{"rendered":"THE COMPANY"},"content":{"rendered":"<p><\/p>\n\n\n\n<div class=\"wp-block-group alignfull has-background is-layout-flow wp-block-group-is-layout-flow\" style=\"background-color:#00000024;padding-top:var(--wp--preset--spacing--30);padding-right:var(--wp--preset--spacing--30);padding-bottom:var(--wp--preset--spacing--30);padding-left:var(--wp--preset--spacing--30)\">\n<div class=\"wp-block-columns alignwide is-layout-flex wp-container-core-columns-is-layout-28f84493 wp-block-columns-is-layout-flex\">\n<div class=\"wp-block-column is-layout-flow wp-block-column-is-layout-flow\">\n<div class=\"wp-block-stackable-spacer stk-block-spacer stk--no-padding stk-block stk-ba78ac0\" data-block-id=\"ba78ac0\"><style>.stk-ba78ac0{height:60px !important}<\/style><\/div>\n\n\n\n<div style=\"height:5px\" aria-hidden=\"true\" class=\"wp-block-spacer\"><\/div>\n<\/div>\n<\/div>\n\n\n\n<div class=\"wp-block-columns alignwide is-layout-flex wp-container-core-columns-is-layout-28f84493 wp-block-columns-is-layout-flex\">\n<div class=\"wp-block-column is-layout-flow wp-block-column-is-layout-flow\" style=\"flex-basis:33.38%\">\n<p style=\"padding-top:0;padding-bottom:0;font-size:14px\"><strong><span style=\"color: var(--theme-palette-color-1, #193762);\" class=\"stk-highlight\">TECH SUB INDUSTRIE ENVIRONNEMENT,<\/span><\/strong> pionni\u00e8re de la plong\u00e9e industrielle, a \u00e9t\u00e9 fond\u00e9e en 1995 pour le d\u00e9veloppement de nouvelles techniques de travaux subaquatiques.<\/p>\n\n\n\n<p style=\"font-size:14px\">Notre m\u00e9tier, qui \u00e9volue selon les demandes et besoins de nos clients, consiste \u00e0 apporter des solutions pour r\u00e9soudre des probl\u00e9matiques dans des endroits souvent consid\u00e9r\u00e9s comme inaccessibles ou hostiles.<\/p>\n\n\n\n<p class=\"has-palette-color-1-color has-text-color\" style=\"font-size:clamp(14px, 0.875rem + ((1vw - 3.2px) * 0.156), 16px);\"><strong>R\u00e9activit\u00e9 et souplesse d\u2019une PME<\/strong><\/p>\n\n\n\n<p style=\"font-size:14px\">Nous sommes en mesure de garantir des d\u00e9lais d\u2019intervention inf\u00e9rieurs \u00e0 24 h et 7j\/7 pour toutes les op\u00e9rations situ\u00e9es sur le chemin critique de l\u2019exploitant.<br>Conscients de contraintes d\u2019exploitation de nos clients, nous travaillons ensemble pour que vos travaux se r\u00e9alisent sans aucun arr\u00eat d\u2019usine ou de process et sans vidange, et dans les plus brefs d\u00e9lais.<\/p>\n<\/div>\n\n\n\n<div class=\"wp-block-column is-layout-flow wp-block-column-is-layout-flow\" style=\"flex-basis:33%\">\n<div style=\"height:50px\" aria-hidden=\"true\" class=\"wp-block-spacer\"><\/div>\n\n\n\n<div class=\"wp-block-stackable-video-popup stk-block-video-popup stk-block stk-3eae37c\" data-video=\"https:\/\/techsub.com\/wp-content\/uploads\/2025\/02\/IMG_7729-1.mov\" data-nodownload=\"\" data-block-id=\"3eae37c\"><div class=\"stk-block-video-popup__overlay stk-row stk-inner-blocks stk-block-content stk-hover-parent\" aria-label=\"Play Video\" tabindex=\"0\" role=\"button\">\n<div class=\"wp-block-stackable-icon stk-block-icon has-text-align-center stk-block stk-4985270\" data-block-id=\"4985270\"><style>.stk-4985270 .stk--svg-wrapper .stk--inner-svg svg:last-child,.stk-4985270 .stk--svg-wrapper .stk--inner-svg svg:last-child :is(g,path,rect,polygon,ellipse){fill:var(--theme-palette-color-5,#a3242f) !important}<\/style><span class=\"stk--svg-wrapper\"><div class=\"stk--inner-svg\"><svg style=\"height:0;width:0\"><defs><lineargradient id=\"linear-gradient-4985270\" x1=\"0\" x2=\"100%\" y1=\"0\" y2=\"0\"><stop offset=\"0%\" style=\"stop-opacity:1;stop-color:var(--linear-gradient-4985270-color-1)\"><\/stop><stop offset=\"100%\" style=\"stop-opacity:1;stop-color:var(--linear-gradient-4985270-color-2)\"><\/stop><\/lineargradient><\/defs><\/svg><svg data-prefix=\"fas\" data-icon=\"play\" class=\"svg-inline--fa fa-play fa-w-14\" xmlns=\"http:\/\/www.w3.org\/2000\/svg\" viewbox=\"0 0 448 512\" aria-hidden=\"true\" width=\"32\" height=\"32\"><path fill=\"currentColor\" d=\"M424.4 214.7L72.4 6.6C43.8-10.3 0 6.1 0 47.9V464c0 37.5 40.7 60.1 72.4 41.3l352-208c31.4-18.5 31.5-64.1 0-82.6z\"><\/path><\/svg><\/div><\/span><\/div>\n\n\n\n<div class=\"wp-block-stackable-image stk-block-image stk-block stk-2a83106\" data-block-id=\"2a83106\"><style>.stk-2a83106 .stk-img-wrapper img{border-radius:10px !important}<\/style><figure><span class=\"stk-img-wrapper stk-image--shape-stretch\"><img decoding=\"async\" class=\"stk-img wp-image-1261\" src=\"https:\/\/techsub.com\/wp-content\/uploads\/2023\/07\/TECHSUB4.webp\" width=\"600\" height=\"400\" srcset=\"https:\/\/techsub.com\/wp-content\/uploads\/2023\/07\/TECHSUB4.webp 600w, https:\/\/techsub.com\/wp-content\/uploads\/2023\/07\/TECHSUB4-300x200.webp 300w\" sizes=\"(max-width: 600px) 100vw, 600px\" \/><\/span><\/figure><\/div>\n<\/div><\/div>\n<\/div>\n\n\n\n<div class=\"wp-block-column is-layout-flow wp-block-column-is-layout-flow\" style=\"flex-basis:33.62%\">\n<\/div>\n<\/div>\n<\/div>\n\n\n\n<div class=\"wp-block-columns alignfull has-text-color has-background is-layout-flex wp-container-core-columns-is-layout-28f84493 wp-block-columns-is-layout-flex\" style=\"color:#000000;background-color:#ffffff\">\n<div class=\"wp-block-column is-layout-flow wp-block-column-is-layout-flow\">\n<h3 class=\"wp-block-heading has-text-align-center has-palette-color-1-color has-text-color\" style=\"font-size:clamp(14px, 0.875rem + ((1vw - 3.2px) * 0.156), 16px);line-height:1.3\"><strong>NOS VALEURS ET ENGAGEMENTS<\/strong><\/h3>\n\n\n\n<ul class=\"wp-block-list\">\n<li>Garantir la s\u00e9curit\u00e9, la sant\u00e9 et l\u2019\u00e9panouissement professionnel de nos salari\u00e9s<\/li>\n\n\n\n<li>Conseiller nos clients et leur faire gagner des jours d\u2019arr\u00eat<\/li>\n\n\n\n<li>Contribuer \u00e0 la s\u00fbret\u00e9 des installations dans lesquelles nous intervenons<\/li>\n\n\n\n<li>Innover au quotidien<\/li>\n\n\n\n<li>Prot\u00e9ger l\u2019environnement, en particulier les milieux aquatiques<\/li>\n\n\n\n<li>Contribuer au d\u00e9veloppement durable de notre territoire et participer \u00e0 sa vitalit\u00e9 \u00e9conomique et culturelle<\/li>\n<\/ul>\n<\/div>\n\n\n\n<div class=\"wp-block-column is-layout-flow wp-block-column-is-layout-flow\">\n<h3 class=\"wp-block-heading has-text-align-center has-palette-color-6-color has-text-color\" style=\"font-size:clamp(14px, 0.875rem + ((1vw - 3.2px) * 0.156), 16px);line-height:1.3\"><strong><strong>LA PME QUI A TOUT D\u2019UNE GRANDE<\/strong><\/strong><\/h3>\n\n\n\n<ul class=\"wp-block-list\">\n<li>Pour nous chaque client compte et chaque projet est important<\/li>\n\n\n\n<li>Offrir \u00e0 nos clients nos conseils et notre exp\u00e9rience afin de l\u2019aider \u00e0 faire le meilleur choix en termes de solutions<\/li>\n\n\n\n<li>Un charg\u00e9 de projets, sp\u00e9cialis\u00e9 dans le domaine concern\u00e9, est d\u00e9di\u00e9 \u00e0 chaque chantier qu\u2019il suit de A \u00e0 Z, depuis le stade de l\u2019offre jusqu\u2019\u00e0 la r\u00e9ception<\/li>\n\n\n\n<li>Tous nos cadres ont l\u2019exp\u00e9rience du terrain et la ma\u00eetrise du geste technique<\/li>\n<\/ul>\n<\/div>\n\n\n\n<div class=\"wp-block-column is-layout-flow wp-block-column-is-layout-flow\">\n<h3 class=\"wp-block-heading has-text-align-center has-palette-color-1-color has-text-color\" style=\"font-size:clamp(14px, 0.875rem + ((1vw - 3.2px) * 0.156), 16px);line-height:1.3\"><strong>NOS ATOUTS\u202f<\/strong><\/h3>\n\n\n\n<p><strong>Intervenir dans toute la France et \u00e0 l\u2019export<\/strong><\/p>\n\n\n\n<p>Originaire du Nord de le France, l\u2019entreprise a cr\u00e9\u00e9 des implantations dans plusieurs r\u00e9gions fran\u00e7aise assurant une pr\u00e9sence sur l\u2019ensemble du territoire.<br>Sur l\u2019export, TECH SUB dispose d\u2019une filiale au Moyen Orient avec ALTABYSS et intervient au grand export avec les m\u00eames standards de qualit\u00e9 et de s\u00e9curit\u00e9.<\/p>\n<\/div>\n<\/div>","protected":false},"excerpt":{"rendered":"<p>TECH SUB INDUSTRIE ENVIRONNEMENT, pionni\u00e8re de la plong\u00e9e industrielle, a \u00e9t\u00e9 fond\u00e9e en 1995 pour le d\u00e9veloppement de nouvelles techniques de travaux subaquatiques. Notre m\u00e9tier, qui \u00e9volue selon les demandes [&hellip;]<\/p>\n","protected":false},"author":1,"featured_media":0,"parent":0,"menu_order":0,"comment_status":"closed","ping_status":"closed","template":"","meta":{"_uag_custom_page_level_css":"","footnotes":""},"class_list":["post-838","page","type-page","status-publish","hentry"],"blocksy_meta":{"styles_descriptor":{"styles":{"desktop":"","tablet":"","mobile":""},"google_fonts":[],"version":6}},"featured_image_urls":{"full":"","thumbnail":"","medium":"","medium_large":"","large":"","1536x1536":"","2048x2048":"","trp-custom-language-flag":""},"post_excerpt_stackable":"<p>TECH SUB INDUSTRIE ENVIRONNEMENT, pionni\u00e8re de la plong\u00e9e industrielle, a \u00e9t\u00e9 fond\u00e9e en 1995 pour le d\u00e9veloppement de nouvelles techniques de travaux subaquatiques. Notre m\u00e9tier, qui \u00e9volue selon les demandes et besoins de nos clients, consiste \u00e0 apporter des solutions pour r\u00e9soudre des probl\u00e9matiques dans des endroits souvent consid\u00e9r\u00e9s comme inaccessibles ou hostiles. R\u00e9activit\u00e9 et souplesse d\u2019une PME Nous sommes en mesure de garantir des d\u00e9lais d\u2019intervention inf\u00e9rieurs \u00e0 24 h et 7j\/7 pour toutes les op\u00e9rations situ\u00e9es sur le chemin critique de l\u2019exploitant.Conscients de contraintes d\u2019exploitation de nos clients, nous travaillons ensemble pour que vos travaux se r\u00e9alisent sans&hellip;<\/p>\n","category_list":"","author_info":{"name":"Pierre","url":"https:\/\/techsub.com\/en\/author\/pierre\/"},"comments_num":"0 comments","spectra_custom_meta":{"stackable_optimized_css":[".stk-ba78ac0{height:60px !important}.stk-4985270 .stk--svg-wrapper .stk--inner-svg svg:last-child,.stk-4985270 .stk--svg-wrapper .stk--inner-svg svg:last-child :is(g,path,rect,polygon,ellipse){fill:var(--theme-palette-color-5,#a3242f) !important}.stk-2a83106 .stk-img-wrapper img{border-radius:10px !important}"],"stackable_optimized_css_raw":["a:3:{s:7:\"ba78ac0\";a:1:{i:0;a:2:{i:0;s:51:\"<style>.stk-ba78ac0{height:60px !important}<\/style>\";i:1;s:36:\".stk-ba78ac0{height:60px !important}\";}}i:4985270;a:1:{i:0;a:2:{i:0;s:225:\"<style>.stk-4985270 .stk--svg-wrapper .stk--inner-svg svg:last-child,.stk-4985270 .stk--svg-wrapper .stk--inner-svg svg:last-child :is(g,path,rect,polygon,ellipse){fill:var(--theme-palette-color-5,#a3242f) !important}<\/style>\";i:1;s:210:\".stk-4985270 .stk--svg-wrapper .stk--inner-svg svg:last-child,.stk-4985270 .stk--svg-wrapper .stk--inner-svg svg:last-child :is(g,path,rect,polygon,ellipse){fill:var(--theme-palette-color-5,#a3242f) !important}\";}}s:7:\"2a83106\";a:1:{i:0;a:2:{i:0;s:79:\"<style>.stk-2a83106 .stk-img-wrapper img{border-radius:10px !important}<\/style>\";i:1;s:64:\".stk-2a83106 .stk-img-wrapper img{border-radius:10px !important}\";}}}"],"_edit_lock":["1739769391:1"],"blocksy_post_meta_options":["a:1:{s:17:\"styles_descriptor\";a:3:{s:6:\"styles\";a:3:{s:7:\"desktop\";s:0:\"\";s:6:\"tablet\";s:0:\"\";s:6:\"mobile\";s:0:\"\";}s:12:\"google_fonts\";a:0:{}s:7:\"version\";i:6;}}"],"_edit_last":["1"],"rank_math_og_content_image":["a:2:{s:5:\"check\";s:32:\"78b53ea093f9165123d70c73080cc1e1\";s:6:\"images\";a:1:{i:0;i:1261;}}"],"rank_math_internal_links_processed":["1"],"footnotes":[""],"rank_math_seo_score":["9"],"cmplz_hide_cookiebanner":[""],"_cmplz_scanned_post":["1"],"_uag_css_file_name":["uag-css-838.css"],"_uagb_previous_block_counts":["a:90:{s:21:\"uagb\/advanced-heading\";i:0;s:15:\"uagb\/blockquote\";i:0;s:12:\"uagb\/buttons\";i:0;s:18:\"uagb\/buttons-child\";i:0;s:19:\"uagb\/call-to-action\";i:0;s:15:\"uagb\/cf7-styler\";i:0;s:11:\"uagb\/column\";i:0;s:12:\"uagb\/columns\";i:0;s:14:\"uagb\/container\";i:0;s:21:\"uagb\/content-timeline\";i:0;s:27:\"uagb\/content-timeline-child\";i:0;s:14:\"uagb\/countdown\";i:0;s:12:\"uagb\/counter\";i:0;s:8:\"uagb\/faq\";i:0;s:14:\"uagb\/faq-child\";i:0;s:10:\"uagb\/forms\";i:0;s:17:\"uagb\/forms-accept\";i:0;s:19:\"uagb\/forms-checkbox\";i:0;s:15:\"uagb\/forms-date\";i:0;s:16:\"uagb\/forms-email\";i:0;s:17:\"uagb\/forms-hidden\";i:0;s:15:\"uagb\/forms-name\";i:0;s:16:\"uagb\/forms-phone\";i:0;s:16:\"uagb\/forms-radio\";i:0;s:17:\"uagb\/forms-select\";i:0;s:19:\"uagb\/forms-textarea\";i:0;s:17:\"uagb\/forms-toggle\";i:0;s:14:\"uagb\/forms-url\";i:0;s:14:\"uagb\/gf-styler\";i:0;s:15:\"uagb\/google-map\";i:0;s:11:\"uagb\/how-to\";i:0;s:16:\"uagb\/how-to-step\";i:0;s:9:\"uagb\/icon\";i:0;s:14:\"uagb\/icon-list\";i:0;s:20:\"uagb\/icon-list-child\";i:0;s:10:\"uagb\/image\";i:0;s:18:\"uagb\/image-gallery\";i:0;s:13:\"uagb\/info-box\";i:0;s:18:\"uagb\/inline-notice\";i:0;s:11:\"uagb\/lottie\";i:0;s:21:\"uagb\/marketing-button\";i:0;s:10:\"uagb\/modal\";i:0;s:18:\"uagb\/popup-builder\";i:0;s:16:\"uagb\/post-button\";i:0;s:18:\"uagb\/post-carousel\";i:0;s:17:\"uagb\/post-excerpt\";i:0;s:14:\"uagb\/post-grid\";i:0;s:15:\"uagb\/post-image\";i:0;s:17:\"uagb\/post-masonry\";i:0;s:14:\"uagb\/post-meta\";i:0;s:18:\"uagb\/post-taxonomy\";i:0;s:18:\"uagb\/post-timeline\";i:0;s:15:\"uagb\/post-title\";i:0;s:20:\"uagb\/restaurant-menu\";i:0;s:26:\"uagb\/restaurant-menu-child\";i:0;s:11:\"uagb\/review\";i:0;s:12:\"uagb\/section\";i:0;s:14:\"uagb\/separator\";i:0;s:11:\"uagb\/slider\";i:0;s:17:\"uagb\/slider-child\";i:0;s:17:\"uagb\/social-share\";i:0;s:23:\"uagb\/social-share-child\";i:0;s:16:\"uagb\/star-rating\";i:0;s:23:\"uagb\/sure-cart-checkout\";i:0;s:22:\"uagb\/sure-cart-product\";i:0;s:15:\"uagb\/sure-forms\";i:0;s:22:\"uagb\/table-of-contents\";i:0;s:9:\"uagb\/tabs\";i:0;s:15:\"uagb\/tabs-child\";i:0;s:18:\"uagb\/taxonomy-list\";i:0;s:9:\"uagb\/team\";i:0;s:16:\"uagb\/testimonial\";i:0;s:14:\"uagb\/wp-search\";i:0;s:19:\"uagb\/instagram-feed\";i:0;s:10:\"uagb\/login\";i:0;s:17:\"uagb\/loop-builder\";i:0;s:18:\"uagb\/loop-category\";i:0;s:20:\"uagb\/loop-pagination\";i:0;s:15:\"uagb\/loop-reset\";i:0;s:16:\"uagb\/loop-search\";i:0;s:14:\"uagb\/loop-sort\";i:0;s:17:\"uagb\/loop-wrapper\";i:0;s:13:\"uagb\/register\";i:0;s:19:\"uagb\/register-email\";i:0;s:24:\"uagb\/register-first-name\";i:0;s:23:\"uagb\/register-last-name\";i:0;s:22:\"uagb\/register-password\";i:0;s:30:\"uagb\/register-reenter-password\";i:0;s:19:\"uagb\/register-terms\";i:0;s:22:\"uagb\/register-username\";i:0;}"],"_uag_page_assets":["a:9:{s:3:\"css\";s:0:\"\";s:2:\"js\";s:0:\"\";s:18:\"current_block_list\";a:24:{i:0;s:14:\"core\/paragraph\";i:1;s:10:\"core\/group\";i:2;s:12:\"core\/columns\";i:3;s:11:\"core\/column\";i:4;s:16:\"stackable\/spacer\";i:5;s:11:\"core\/spacer\";i:6;s:21:\"stackable\/video-popup\";i:7;s:14:\"stackable\/icon\";i:8;s:15:\"stackable\/image\";i:10;s:14:\"core\/shortcode\";i:13;s:12:\"core\/heading\";i:14;s:9:\"core\/list\";i:15;s:14:\"core\/list-item\";i:16;s:11:\"core\/search\";i:17;s:17:\"core\/latest-posts\";i:18;s:20:\"core\/latest-comments\";i:19;s:13:\"core\/archives\";i:20;s:15:\"core\/categories\";i:21;s:13:\"blocksy\/query\";i:22;s:21:\"blocksy\/post-template\";i:25;s:20:\"blocksy\/dynamic-data\";i:26;s:14:\"core\/pullquote\";i:27;s:23:\"blocksy\/widgets-wrapper\";i:28;s:20:\"blocksy\/contact-info\";}s:8:\"uag_flag\";b:0;s:11:\"uag_version\";s:10:\"1777365191\";s:6:\"gfonts\";a:0:{}s:10:\"gfonts_url\";s:0:\"\";s:12:\"gfonts_files\";a:0:{}s:14:\"uag_faq_layout\";b:0;}"]},"uagb_featured_image_src":{"full":false,"thumbnail":false,"medium":false,"medium_large":false,"large":false,"1536x1536":false,"2048x2048":false,"trp-custom-language-flag":false},"uagb_author_info":{"display_name":"Pierre","author_link":"https:\/\/techsub.com\/en\/author\/pierre\/"},"uagb_comment_info":0,"uagb_excerpt":"TECH SUB INDUSTRIE ENVIRONNEMENT, pionni\u00e8re de la plong\u00e9e industrielle, a \u00e9t\u00e9 fond\u00e9e en 1995 pour le d\u00e9veloppement de nouvelles techniques de travaux subaquatiques. Notre m\u00e9tier, qui \u00e9volue selon les demandes [&hellip;]","_links":{"self":[{"href":"https:\/\/techsub.com\/en\/wp-json\/wp\/v2\/pages\/838","targetHints":{"allow":["GET"]}}],"collection":[{"href":"https:\/\/techsub.com\/en\/wp-json\/wp\/v2\/pages"}],"about":[{"href":"https:\/\/techsub.com\/en\/wp-json\/wp\/v2\/types\/page"}],"author":[{"embeddable":true,"href":"https:\/\/techsub.com\/en\/wp-json\/wp\/v2\/users\/1"}],"replies":[{"embeddable":true,"href":"https:\/\/techsub.com\/en\/wp-json\/wp\/v2\/comments?post=838"}],"version-history":[{"count":32,"href":"https:\/\/techsub.com\/en\/wp-json\/wp\/v2\/pages\/838\/revisions"}],"predecessor-version":[{"id":1417,"href":"https:\/\/techsub.com\/en\/wp-json\/wp\/v2\/pages\/838\/revisions\/1417"}],"wp:attachment":[{"href":"https:\/\/techsub.com\/en\/wp-json\/wp\/v2\/media?parent=838"}],"curies":[{"name":"wp","href":"https:\/\/api.w.org\/{rel}","templated":true}]}}