{"id":871,"date":"2023-03-27T06:02:29","date_gmt":"2023-03-27T04:02:29","guid":{"rendered":"https:\/\/techsub.com\/?page_id=871"},"modified":"2025-02-17T11:07:10","modified_gmt":"2025-02-17T10:07:10","slug":"qse-developpement-durable","status":"publish","type":"page","link":"https:\/\/techsub.com\/en\/qse-developpement-durable\/","title":{"rendered":"QSE \/ SUSTAINABLE DEVELOPMENT"},"content":{"rendered":"<div class=\"wp-block-stackable-spacer stk-block-spacer stk--no-padding stk-block stk-4c80933\" data-block-id=\"4c80933\"><style>.stk-4c80933{height:100px !important}<\/style><\/div>\n\n\n\n<h2 class=\"wp-block-heading has-text-align-center has-medium-font-size\"><span style=\"color: var(--theme-palette-color-1, #193762);\" class=\"stk-highlight\"><strong>QSE \/ SUSTAINABLE DEVELOPMENT<\/strong><\/span><\/h2>\n\n\n\n<p class=\"has-text-align-center\"><span style=\"color: var(--theme-palette-color-1, #193762);\" class=\"stk-highlight\"><strong>TECH SUB INDUSTRIE ENVIRONNEMENT<\/strong> a \u00e9t\u00e9 la premi\u00e8re entreprise de son secteur \u00e0 obtenir l\u2019ensemble des certifications Qualit\u00e9, S\u00e9curit\u00e9 et Environnement, <strong><em><a href=\"https:\/\/www.france-certification.com\/les-certifications\/iso-9001\/\" target=\"_blank\" rel=\"noopener\">ISO 9001<\/a>, <a href=\"https:\/\/www.france-certification.com\/les-certifications\/iso-14001\/\" target=\"_blank\" rel=\"noopener\">ISO 14001<\/a>, <a href=\"https:\/\/www.france-certification.com\/iso-45001\/\" target=\"_blank\" rel=\"noopener\">ISO 45001<\/a><\/em><\/strong> and <strong><em><a href=\"https:\/\/www.france-certification.com\/les-certifications\/mase\/\" target=\"_blank\" rel=\"noopener\">MASE<\/a><\/em><\/strong>, ainsi que pour les activit\u00e9s nucl\u00e9aires par le <strong><em><a href=\"https:\/\/www.cefri.fr\/\" target=\"_blank\" rel=\"noopener\">CEFRI<\/a> <\/em><\/strong>et pour l\u2019hyperbarie.<\/span><\/p>\n\n\n\n<div class=\"wp-block-media-text alignwide has-media-on-the-right is-stacked-on-mobile is-vertically-aligned-center has-palette-color-8-background-color has-background\" style=\"grid-template-columns:auto 51%\"><div class=\"wp-block-media-text__content\">\n<div class=\"wp-block-group is-layout-flow wp-block-group-is-layout-flow\" style=\"padding-top:2em;padding-right:2em;padding-bottom:2em;padding-left:2em\">\n<p style=\"font-size:14px\"><strong><span style=\"color: var(--theme-palette-color-1, #193762);\" class=\"stk-highlight\">QUALITE S\u00c9CURIT\u00c9 ENVIRONNEMENT<\/span><\/strong><\/p>\n\n\n\n<p class=\"has-palette-color-1-color has-text-color has-small-font-size\">Elle dispose d\u2019un syst\u00e8me de management int\u00e9gr\u00e9 complet afin de r\u00e9pondre aux exigences de ses clients dans tous ces domaines, certifi\u00e9 par <a href=\"https:\/\/www.aiocertification.com\/\" target=\"_blank\" rel=\"noopener\">AIO CERTIFICATION<\/a> sur les normes ISO 9001 :2015, ISO 14001 :2015 et ISO 45001 :2018.<\/p>\n\n\n\n<p class=\"has-palette-color-1-color has-text-color\" style=\"font-size:14px\"><strong>QUALIFICATIONS EDF NUCL\u00c9AIRE<\/strong><\/p>\n\n\n\n<p class=\"has-small-font-size\">TECH SUB est \u00e9galement qualifi\u00e9e par <a href=\"https:\/\/www.edf.fr\/groupe-edf\/espaces-dedies\/fournisseurs\/devenir-fournisseur\/devenir-fournisseur-pour-le-nucleaire\/qualification-et-certification-des-entreprises\" target=\"_blank\" rel=\"noopener\">EDF-UTO<\/a> en Cas 1 dans plusieurs domaines d\u2019intervention et de maintenance en centrales nucl\u00e9aires, et est certifi\u00e9e en <a href=\"https:\/\/www.cefri.fr\/certification-organismes-competents-en-radioprotection-ocr\/\" target=\"_blank\" rel=\"noopener\">radioprotection<\/a> par le CEFRI.<\/p>\n\n\n\n<p class=\"has-palette-color-1-color has-text-color\" style=\"font-size:14px\"><strong>TRAVAUX HYPERBARES<\/strong><\/p>\n\n\n\n<p class=\"has-palette-color-1-color has-text-color has-small-font-size\">Nous avons \u00e9t\u00e9 certifi\u00e9s en 2019 pour les travaux hyperbares par <a href=\"https:\/\/www.aiocertification.com\/\" target=\"_blank\" rel=\"noopener\">AIO CERTIFICATION<\/a>. Cette nouvelle certification est obligatoire pour toute entreprise r\u00e9alisant des travaux hyperbares<\/p>\n\n\n\n<p class=\"has-palette-color-1-color has-text-color\" style=\"font-size:clamp(14px, 0.875rem + ((1vw - 3.2px) * 0.313), 18px);\"><strong>LA SATISFACTION DES CLIENTS, NOTRE PREMIER OBJECTIF<\/strong><\/p>\n\n\n\n<p class=\"has-small-font-size\">Nous r\u00e9alisons des campagnes de mesure de la satisfaction de nos clients afin d\u2019identifier les axes de progr\u00e8s, nous sommes tr\u00e8s fiers d\u2019obtenir une note moyenne en 2021 sup\u00e9rieure \u00e0 9\/10. Merci \u00e0 tous nos clients pour leur fid\u00e9lit\u00e9<\/p>\n<\/div>\n<\/div><figure class=\"wp-block-media-text__media\"><img decoding=\"async\" width=\"800\" height=\"600\" src=\"https:\/\/techsub.com\/wp-content\/uploads\/2025\/02\/TAUX-SATISFACTION.webp\" alt=\"\" class=\"wp-image-1418 size-full\" srcset=\"https:\/\/techsub.com\/wp-content\/uploads\/2025\/02\/TAUX-SATISFACTION.webp 800w, https:\/\/techsub.com\/wp-content\/uploads\/2025\/02\/TAUX-SATISFACTION-300x225.webp 300w, https:\/\/techsub.com\/wp-content\/uploads\/2025\/02\/TAUX-SATISFACTION-768x576.webp 768w, https:\/\/techsub.com\/wp-content\/uploads\/2025\/02\/TAUX-SATISFACTION-16x12.webp 16w\" sizes=\"(max-width: 800px) 100vw, 800px\" \/><\/figure><\/div>\n\n\n\n<h4 class=\"wp-block-heading has-text-align-center has-medium-font-size\"><span style=\"color: var(--theme-palette-color-1, #193762);\" class=\"stk-highlight\"><strong>DOCUMENTS<\/strong><\/span><\/h4>\n\n\n\n<div class=\"wp-block-stackable-columns stk-block-columns stk-block stk-278dfb3\" data-block-id=\"278dfb3\"><div class=\"stk-row stk-inner-blocks has-text-align-center stk-block-content stk-content-align stk-278dfb3-column\">\n<div class=\"wp-block-stackable-column stk-block-column stk-column stk-block stk-b08ef62\" data-v=\"4\" data-block-id=\"b08ef62\"><div class=\"stk-column-wrapper stk-block-column__content stk-container stk-b08ef62-container stk--no-background stk--no-padding\"><div class=\"stk-block-content stk-inner-blocks stk-b08ef62-inner-blocks\">\n<div data-wp-interactive=\"core\/file\" class=\"wp-block-file\"><object data-wp-bind--hidden=\"!state.hasPdfPreview\" hidden class=\"wp-block-file__embed\" data=\"https:\/\/techsub.com\/wp-content\/uploads\/2025\/02\/CEFRI-TECH-SUB-INDUSTRIE-ENVIRONNEMENT-1444-Es1-Certificat-n-1259-E-rev.-1-signe-copie.pdf\" type=\"application\/pdf\" style=\"width:100%;height:600px\" aria-label=\"Embed of CEFRI TECH SUB INDUSTRIE ENVIRONNEMENT - 1444 Es1 - Certificat n 1259 E - re\u0301v. 1 - signe\u0301 copie.\"><\/object><a id=\"wp-block-file--media-695561be-02eb-47b8-9ca2-0286ed97d021\" href=\"https:\/\/techsub.com\/wp-content\/uploads\/2025\/02\/CEFRI-TECH-SUB-INDUSTRIE-ENVIRONNEMENT-1444-Es1-Certificat-n-1259-E-rev.-1-signe-copie.pdf\">CEFRI TECH SUB INDUSTRIE ENVIRONNEMENT &#8211; 1444 Es1 &#8211; Certificat n 1259 E &#8211; re\u0301v. 1 &#8211; signe\u0301 copie<\/a><\/div>\n<\/div><\/div><\/div>\n\n\n\n<div class=\"wp-block-stackable-column stk-block-column stk-column stk-block stk-3036aeb\" data-v=\"4\" data-block-id=\"3036aeb\"><div class=\"stk-column-wrapper stk-block-column__content stk-container stk-3036aeb-container stk--no-background stk--no-padding\"><div class=\"stk-block-content stk-inner-blocks stk-3036aeb-inner-blocks\">\n<div data-wp-interactive=\"core\/file\" class=\"wp-block-file\"><object data-wp-bind--hidden=\"!state.hasPdfPreview\" hidden class=\"wp-block-file__embed\" data=\"https:\/\/techsub.com\/wp-content\/uploads\/2025\/02\/ISO-9001-ISO-14001-ISO-45001-TECHSUB.pdf\" type=\"application\/pdf\" style=\"width:100%;height:600px\" aria-label=\"Embed of ISO 9001 ISO  14001  ISO 45001  TECHSUB.\"><\/object><a id=\"wp-block-file--media-21e44057-cfbb-4ef9-b797-f5170edee2e6\" href=\"https:\/\/techsub.com\/wp-content\/uploads\/2025\/02\/ISO-9001-ISO-14001-ISO-45001-TECHSUB.pdf\">ISO 9001 ISO  14001  ISO 45001  TECHSUB<\/a><\/div>\n<\/div><\/div><\/div>\n\n\n\n<div class=\"wp-block-stackable-column stk-block-column stk-column stk-block stk-7ef6c1d\" data-v=\"4\" data-block-id=\"7ef6c1d\"><div class=\"stk-column-wrapper stk-block-column__content stk-container stk-7ef6c1d-container stk--no-background stk--no-padding\"><div class=\"stk-block-content stk-inner-blocks stk-7ef6c1d-inner-blocks\">\n<div data-wp-interactive=\"core\/file\" class=\"wp-block-file\"><object data-wp-bind--hidden=\"!state.hasPdfPreview\" hidden class=\"wp-block-file__embed\" data=\"https:\/\/techsub.com\/wp-content\/uploads\/2025\/02\/indicateurs-HSE-2020-2023-et-obj-2024.pdf\" type=\"application\/pdf\" style=\"width:100%;height:600px\" aria-label=\"Embed of indicateurs HSE 2020-2023 et obj 2024.\"><\/object><a id=\"wp-block-file--media-959ea8f5-999f-4185-b63d-d2e749a1fc9e\" href=\"https:\/\/techsub.com\/wp-content\/uploads\/2025\/02\/indicateurs-HSE-2020-2023-et-obj-2024.pdf\">indicateurs HSE 2020-2023 et obj 2024<\/a><\/div>\n<\/div><\/div><\/div>\n\n\n\n<div class=\"wp-block-stackable-column stk-block-column stk-column stk-block stk-3341cb0\" data-v=\"4\" data-block-id=\"3341cb0\"><div class=\"stk-column-wrapper stk-block-column__content stk-container stk-3341cb0-container stk--no-background stk--no-padding\"><div class=\"stk-block-content stk-inner-blocks stk-3341cb0-inner-blocks\">\n<div data-wp-interactive=\"core\/file\" class=\"wp-block-file\"><object data-wp-bind--hidden=\"!state.hasPdfPreview\" hidden class=\"wp-block-file__embed\" data=\"https:\/\/techsub.com\/wp-content\/uploads\/2025\/02\/Engagement-direction-2024-TECH-SUB-AQUAGEO-AQUAGO-indice-12.doc-1.pdf\" type=\"application\/pdf\" style=\"width:100%;height:600px\" aria-label=\"Embed of Engagement direction 2024 TECH SUB AQUAGEO AQUAGO indice 12.doc (1).\"><\/object><a id=\"wp-block-file--media-8a37a378-c737-4b98-8c56-bb9e16ca141d\" href=\"https:\/\/techsub.com\/wp-content\/uploads\/2025\/02\/Engagement-direction-2024-TECH-SUB-AQUAGEO-AQUAGO-indice-12.doc-1.pdf\">Engagement direction 2024 TECH SUB AQUAGEO AQUAGO indice 12.doc (1)<\/a><\/div>\n<\/div><\/div><\/div>\n\n\n\n<div class=\"wp-block-stackable-column stk-block-column stk-column stk-block stk-4e387b5\" data-v=\"4\" data-block-id=\"4e387b5\"><div class=\"stk-column-wrapper stk-block-column__content stk-container stk-4e387b5-container stk--no-background stk--no-padding\"><div class=\"stk-block-content stk-inner-blocks stk-4e387b5-inner-blocks\">\n<div data-wp-interactive=\"core\/file\" class=\"wp-block-file\"><object data-wp-bind--hidden=\"!state.hasPdfPreview\" hidden class=\"wp-block-file__embed\" data=\"https:\/\/techsub.com\/wp-content\/uploads\/2025\/02\/Certificat_Hyperbarie_2023-exp-2027.pdf\" type=\"application\/pdf\" style=\"width:100%;height:600px\" aria-label=\"Embed of Certificat_Hyperbarie_2023 exp 2027.\"><\/object><a id=\"wp-block-file--media-1edd572c-1617-4233-9317-362b06d659b8\" href=\"https:\/\/techsub.com\/wp-content\/uploads\/2025\/02\/Certificat_Hyperbarie_2023-exp-2027.pdf\">Certificat_Hyperbarie_2023 exp 2027<\/a><\/div>\n<\/div><\/div><\/div>\n<\/div><\/div>","protected":false},"excerpt":{"rendered":"<p>QSE \/ D\u00c9VELOPPEMENT DURABLE TECH SUB INDUSTRIE ENVIRONNEMENT a \u00e9t\u00e9 la premi\u00e8re entreprise de son secteur \u00e0 obtenir l\u2019ensemble des certifications Qualit\u00e9, S\u00e9curit\u00e9 et Environnement, ISO 9001, ISO 14001, ISO [&hellip;]<\/p>\n","protected":false},"author":1,"featured_media":0,"parent":0,"menu_order":0,"comment_status":"closed","ping_status":"closed","template":"","meta":{"_uag_custom_page_level_css":"","footnotes":""},"class_list":["post-871","page","type-page","status-publish","hentry"],"blocksy_meta":{"styles_descriptor":{"styles":{"desktop":"","tablet":"","mobile":""},"google_fonts":[],"version":6}},"featured_image_urls":{"full":"","thumbnail":"","medium":"","medium_large":"","large":"","1536x1536":"","2048x2048":"","trp-custom-language-flag":""},"post_excerpt_stackable":"<p>QSE \/ D\u00c9VELOPPEMENT DURABLE TECH SUB INDUSTRIE ENVIRONNEMENT a \u00e9t\u00e9 la premi\u00e8re entreprise de son secteur \u00e0 obtenir l\u2019ensemble des certifications Qualit\u00e9, S\u00e9curit\u00e9 et Environnement, ISO 9001, ISO 14001, ISO 45001 et MASE, ainsi que pour les activit\u00e9s nucl\u00e9aires par le CEFRI et pour l\u2019hyperbarie. QUALITE S\u00c9CURIT\u00c9 ENVIRONNEMENT Elle dispose d\u2019un syst\u00e8me de management int\u00e9gr\u00e9 complet afin de r\u00e9pondre aux exigences de ses clients dans tous ces domaines, certifi\u00e9 par AIO CERTIFICATION sur les normes ISO 9001 :2015, ISO 14001 :2015 et ISO 45001 :2018. QUALIFICATIONS EDF NUCL\u00c9AIRE TECH SUB est \u00e9galement qualifi\u00e9e par EDF-UTO en Cas 1 dans plusieurs&hellip;<\/p>\n","category_list":"","author_info":{"name":"Pierre","url":"https:\/\/techsub.com\/en\/author\/pierre\/"},"comments_num":"0 comments","spectra_custom_meta":{"stackable_optimized_css":[".stk-4c80933{height:100px !important}"],"stackable_optimized_css_raw":["a:1:{s:7:\"4c80933\";a:1:{i:0;a:2:{i:0;s:52:\"<style>.stk-4c80933{height:100px !important}<\/style>\";i:1;s:37:\".stk-4c80933{height:100px !important}\";}}}"],"_edit_lock":["1739833778:1"],"blocksy_post_meta_options":["a:1:{s:17:\"styles_descriptor\";a:3:{s:6:\"styles\";a:3:{s:7:\"desktop\";s:0:\"\";s:6:\"tablet\";s:0:\"\";s:6:\"mobile\";s:0:\"\";}s:12:\"google_fonts\";a:0:{}s:7:\"version\";i:6;}}"],"_edit_last":["1"],"rank_math_og_content_image":["a:2:{s:5:\"check\";s:32:\"d7e2e94f5be9720dcef58ec16f0ed613\";s:6:\"images\";a:1:{i:0;i:1418;}}"],"rank_math_internal_links_processed":["1"],"_cmplz_scanned_post":["1"],"rank_math_seo_score":["20"],"cmplz_hide_cookiebanner":[""],"_uag_css_file_name":["uag-css-871.css"],"_uagb_previous_block_counts":["a:90:{s:21:\"uagb\/advanced-heading\";i:0;s:15:\"uagb\/blockquote\";i:0;s:12:\"uagb\/buttons\";i:0;s:18:\"uagb\/buttons-child\";i:0;s:19:\"uagb\/call-to-action\";i:0;s:15:\"uagb\/cf7-styler\";i:0;s:11:\"uagb\/column\";i:0;s:12:\"uagb\/columns\";i:0;s:14:\"uagb\/container\";i:0;s:21:\"uagb\/content-timeline\";i:0;s:27:\"uagb\/content-timeline-child\";i:0;s:14:\"uagb\/countdown\";i:0;s:12:\"uagb\/counter\";i:0;s:8:\"uagb\/faq\";i:0;s:14:\"uagb\/faq-child\";i:0;s:10:\"uagb\/forms\";i:0;s:17:\"uagb\/forms-accept\";i:0;s:19:\"uagb\/forms-checkbox\";i:0;s:15:\"uagb\/forms-date\";i:0;s:16:\"uagb\/forms-email\";i:0;s:17:\"uagb\/forms-hidden\";i:0;s:15:\"uagb\/forms-name\";i:0;s:16:\"uagb\/forms-phone\";i:0;s:16:\"uagb\/forms-radio\";i:0;s:17:\"uagb\/forms-select\";i:0;s:19:\"uagb\/forms-textarea\";i:0;s:17:\"uagb\/forms-toggle\";i:0;s:14:\"uagb\/forms-url\";i:0;s:14:\"uagb\/gf-styler\";i:0;s:15:\"uagb\/google-map\";i:0;s:11:\"uagb\/how-to\";i:0;s:16:\"uagb\/how-to-step\";i:0;s:9:\"uagb\/icon\";i:0;s:14:\"uagb\/icon-list\";i:0;s:20:\"uagb\/icon-list-child\";i:0;s:10:\"uagb\/image\";i:0;s:18:\"uagb\/image-gallery\";i:0;s:13:\"uagb\/info-box\";i:0;s:18:\"uagb\/inline-notice\";i:0;s:11:\"uagb\/lottie\";i:0;s:21:\"uagb\/marketing-button\";i:0;s:10:\"uagb\/modal\";i:0;s:18:\"uagb\/popup-builder\";i:0;s:16:\"uagb\/post-button\";i:0;s:18:\"uagb\/post-carousel\";i:0;s:17:\"uagb\/post-excerpt\";i:0;s:14:\"uagb\/post-grid\";i:0;s:15:\"uagb\/post-image\";i:0;s:17:\"uagb\/post-masonry\";i:0;s:14:\"uagb\/post-meta\";i:0;s:18:\"uagb\/post-taxonomy\";i:0;s:18:\"uagb\/post-timeline\";i:0;s:15:\"uagb\/post-title\";i:0;s:20:\"uagb\/restaurant-menu\";i:0;s:26:\"uagb\/restaurant-menu-child\";i:0;s:11:\"uagb\/review\";i:0;s:12:\"uagb\/section\";i:0;s:14:\"uagb\/separator\";i:0;s:11:\"uagb\/slider\";i:0;s:17:\"uagb\/slider-child\";i:0;s:17:\"uagb\/social-share\";i:0;s:23:\"uagb\/social-share-child\";i:0;s:16:\"uagb\/star-rating\";i:0;s:23:\"uagb\/sure-cart-checkout\";i:0;s:22:\"uagb\/sure-cart-product\";i:0;s:15:\"uagb\/sure-forms\";i:0;s:22:\"uagb\/table-of-contents\";i:0;s:9:\"uagb\/tabs\";i:0;s:15:\"uagb\/tabs-child\";i:0;s:18:\"uagb\/taxonomy-list\";i:0;s:9:\"uagb\/team\";i:0;s:16:\"uagb\/testimonial\";i:0;s:14:\"uagb\/wp-search\";i:0;s:19:\"uagb\/instagram-feed\";i:0;s:10:\"uagb\/login\";i:0;s:17:\"uagb\/loop-builder\";i:0;s:18:\"uagb\/loop-category\";i:0;s:20:\"uagb\/loop-pagination\";i:0;s:15:\"uagb\/loop-reset\";i:0;s:16:\"uagb\/loop-search\";i:0;s:14:\"uagb\/loop-sort\";i:0;s:17:\"uagb\/loop-wrapper\";i:0;s:13:\"uagb\/register\";i:0;s:19:\"uagb\/register-email\";i:0;s:24:\"uagb\/register-first-name\";i:0;s:23:\"uagb\/register-last-name\";i:0;s:22:\"uagb\/register-password\";i:0;s:30:\"uagb\/register-reenter-password\";i:0;s:19:\"uagb\/register-terms\";i:0;s:22:\"uagb\/register-username\";i:0;}"],"_uag_page_assets":["a:9:{s:3:\"css\";s:260:\".uag-blocks-common-selector{z-index:var(--z-index-desktop) !important}@media(max-width: 976px){.uag-blocks-common-selector{z-index:var(--z-index-tablet) !important}}@media(max-width: 767px){.uag-blocks-common-selector{z-index:var(--z-index-mobile) !important}}\";s:2:\"js\";s:0:\"\";s:18:\"current_block_list\";a:21:{i:0;s:16:\"stackable\/spacer\";i:1;s:12:\"core\/heading\";i:2;s:14:\"core\/paragraph\";i:3;s:15:\"core\/media-text\";i:4;s:10:\"core\/group\";i:5;s:17:\"stackable\/columns\";i:6;s:16:\"stackable\/column\";i:7;s:9:\"core\/file\";i:8;s:11:\"core\/search\";i:9;s:17:\"core\/latest-posts\";i:10;s:20:\"core\/latest-comments\";i:11;s:13:\"core\/archives\";i:12;s:15:\"core\/categories\";i:13;s:13:\"blocksy\/query\";i:14;s:21:\"blocksy\/post-template\";i:15;s:12:\"core\/columns\";i:16;s:11:\"core\/column\";i:17;s:20:\"blocksy\/dynamic-data\";i:18;s:14:\"core\/pullquote\";i:19;s:23:\"blocksy\/widgets-wrapper\";i:20;s:20:\"blocksy\/contact-info\";}s:8:\"uag_flag\";b:0;s:11:\"uag_version\";s:10:\"1777365191\";s:6:\"gfonts\";a:0:{}s:10:\"gfonts_url\";s:0:\"\";s:12:\"gfonts_files\";a:0:{}s:14:\"uag_faq_layout\";b:0;}"]},"uagb_featured_image_src":{"full":false,"thumbnail":false,"medium":false,"medium_large":false,"large":false,"1536x1536":false,"2048x2048":false,"trp-custom-language-flag":false},"uagb_author_info":{"display_name":"Pierre","author_link":"https:\/\/techsub.com\/en\/author\/pierre\/"},"uagb_comment_info":0,"uagb_excerpt":"QSE \/ D\u00c9VELOPPEMENT DURABLE TECH SUB INDUSTRIE ENVIRONNEMENT a \u00e9t\u00e9 la premi\u00e8re entreprise de son secteur \u00e0 obtenir l\u2019ensemble des certifications Qualit\u00e9, S\u00e9curit\u00e9 et Environnement, ISO 9001, ISO 14001, ISO [&hellip;]","_links":{"self":[{"href":"https:\/\/techsub.com\/en\/wp-json\/wp\/v2\/pages\/871","targetHints":{"allow":["GET"]}}],"collection":[{"href":"https:\/\/techsub.com\/en\/wp-json\/wp\/v2\/pages"}],"about":[{"href":"https:\/\/techsub.com\/en\/wp-json\/wp\/v2\/types\/page"}],"author":[{"embeddable":true,"href":"https:\/\/techsub.com\/en\/wp-json\/wp\/v2\/users\/1"}],"replies":[{"embeddable":true,"href":"https:\/\/techsub.com\/en\/wp-json\/wp\/v2\/comments?post=871"}],"version-history":[{"count":17,"href":"https:\/\/techsub.com\/en\/wp-json\/wp\/v2\/pages\/871\/revisions"}],"predecessor-version":[{"id":1432,"href":"https:\/\/techsub.com\/en\/wp-json\/wp\/v2\/pages\/871\/revisions\/1432"}],"wp:attachment":[{"href":"https:\/\/techsub.com\/en\/wp-json\/wp\/v2\/media?parent=871"}],"curies":[{"name":"wp","href":"https:\/\/api.w.org\/{rel}","templated":true}]}}